{"id":100,"date":"2023-09-02T12:23:28","date_gmt":"2023-09-02T12:23:28","guid":{"rendered":"https:\/\/braveheartsukraine.com.ua\/?page_id=100"},"modified":"2024-07-12T15:29:10","modified_gmt":"2024-07-12T15:29:10","slug":"doctors","status":"publish","type":"page","link":"https:\/\/braveheartsukraine.com.ua\/uk\/doctors\/","title":{"rendered":"\u041b\u0456\u043a\u0430\u0440\u0456"},"content":{"rendered":"<div data-elementor-type=\"wp-page\" data-elementor-id=\"100\" class=\"elementor elementor-100\">\n\t\t\t\t\t\t<section class=\"elementor-section elementor-top-section elementor-element elementor-element-ab70a6b elementor-section-boxed elementor-section-height-default elementor-section-height-default\" data-id=\"ab70a6b\" data-element_type=\"section\" data-e-type=\"section\" data-settings=\"{&quot;background_background&quot;:&quot;classic&quot;}\">\n\t\t\t\t\t\t\t<div class=\"elementor-background-overlay\"><\/div>\n\t\t\t\t\t\t\t<div class=\"elementor-container elementor-column-gap-no\">\n\t\t\t\t\t<div class=\"aux-parallax-section elementor-column elementor-col-100 elementor-top-column elementor-element elementor-element-b0ead24\" data-id=\"b0ead24\" data-element_type=\"column\" data-e-type=\"column\">\n\t\t\t<div class=\"elementor-widget-wrap elementor-element-populated\">\n\t\t\t\t\t\t<div class=\"elementor-element elementor-element-64f858c aux-appear-watch-animation aux-slide-from-bot elementor-icon-list--layout-traditional elementor-list-item-link-full_width elementor-widget elementor-widget-icon-list\" data-id=\"64f858c\" data-element_type=\"widget\" data-e-type=\"widget\" data-widget_type=\"icon-list.default\">\n\t\t\t\t<div class=\"elementor-widget-container\">\n\t\t\t\t\t\t\t<ul class=\"elementor-icon-list-items\">\n\t\t\t\t\t\t\t<li class=\"elementor-icon-list-item\">\n\t\t\t\t\t\t\t\t\t\t\t<span class=\"elementor-icon-list-icon\">\n\t\t\t\t\t\t\t<i aria-hidden=\"true\" class=\"far fa-circle\"><\/i>\t\t\t\t\t\t<\/span>\n\t\t\t\t\t\t\t\t\t\t<span class=\"elementor-icon-list-text\">\u041a\u043e\u043c\u0430\u043d\u0434\u0430 \u0435\u043a\u0441\u043f\u0435\u0440\u0442\u0456\u0432<\/span>\n\t\t\t\t\t\t\t\t\t<\/li>\n\t\t\t\t\t\t<\/ul>\n\t\t\t\t\t\t<\/div>\n\t\t\t\t<\/div>\n\t\t\t\t<div class=\"elementor-element elementor-element-2d88452 aux-appear-watch-animation aux-fade-in-up-1 elementor-widget elementor-widget-heading\" data-id=\"2d88452\" data-element_type=\"widget\" data-e-type=\"widget\" data-widget_type=\"heading.default\">\n\t\t\t\t<div class=\"elementor-widget-container\">\n\t\t\t\t\t<h1 class=\"elementor-heading-title elementor-size-default\">\u041b\u0456\u043a\u0430\u0440\u0456<\/h1>\t\t\t\t<\/div>\n\t\t\t\t<\/div>\n\t\t\t\t\t<\/div>\n\t\t<\/div>\n\t\t\t\t\t<\/div>\n\t\t<\/section>\n\t\t\t\t<section class=\"elementor-section elementor-top-section elementor-element elementor-element-8bc8c0e elementor-section-boxed elementor-section-height-default elementor-section-height-default\" data-id=\"8bc8c0e\" data-element_type=\"section\" data-e-type=\"section\">\n\t\t\t\t\t\t<div class=\"elementor-container elementor-column-gap-no\">\n\t\t\t\t\t<div class=\"aux-parallax-section elementor-column elementor-col-100 elementor-top-column elementor-element elementor-element-7ac147f\" data-id=\"7ac147f\" data-element_type=\"column\" data-e-type=\"column\">\n\t\t\t<div class=\"elementor-widget-wrap elementor-element-populated\">\n\t\t\t\t\t\t<div class=\"aux-scroll-anim elementor-element elementor-element-840a26b elementor-widget__width-auto aux-appear-watch-animation aux-pulse-out-2 elementor-widget elementor-widget-image\" data-move-in=\"\" data-move-out=\"rotateIn\" data-axis-x=\"200\" data-axis-y=\"200\" data-rotate=\"30\" data-scale=\"1\" data-vp-top=\"0.5\" data-vp-bot=\"0.5\" data-el-top=\"0.2\" data-scroll-animation-off=\"1024\" data-id=\"840a26b\" data-element_type=\"widget\" data-e-type=\"widget\" data-widget_type=\"image.default\">\n\t\t\t\t<div class=\"elementor-widget-container\">\n\t\t\t\t\t\t\t\t\t\t\t\t\t\t\t<img decoding=\"async\" width=\"133\" height=\"130\" src=\"https:\/\/braveheartsukraine.com.ua\/wp-content\/uploads\/2021\/01\/Mask-Group-13.png\" class=\"attachment-full size-full wp-image-53\" alt=\"\" \/>\t\t\t\t\t\t\t\t\t\t\t\t\t\t\t<\/div>\n\t\t\t\t<\/div>\n\t\t\t\t<div class=\"aux-scroll-anim elementor-element elementor-element-f9528e1 elementor-align-center aux-appear-watch-animation aux-slide-from-bot elementor-icon-list--layout-traditional elementor-list-item-link-full_width elementor-widget elementor-widget-icon-list\" data-move-in=\"\" data-move-out=\"rotateIn\" data-axis-x=\"200\" data-axis-y=\"200\" data-rotate=\"30\" data-scale=\"1\" data-vp-top=\"0.5\" data-vp-bot=\"0.5\" data-el-top=\"0.2\" data-scroll-animation-off=\"1024\" data-id=\"f9528e1\" data-element_type=\"widget\" data-e-type=\"widget\" data-widget_type=\"icon-list.default\">\n\t\t\t\t<div class=\"elementor-widget-container\">\n\t\t\t\t\t\t\t<ul class=\"elementor-icon-list-items\">\n\t\t\t\t\t\t\t<li class=\"elementor-icon-list-item\">\n\t\t\t\t\t\t\t\t\t\t\t<span class=\"elementor-icon-list-icon\">\n\t\t\t\t\t\t\t<i aria-hidden=\"true\" class=\"far fa-circle\"><\/i>\t\t\t\t\t\t<\/span>\n\t\t\t\t\t\t\t\t\t\t<span class=\"elementor-icon-list-text\">\u041a\u043e\u043c\u0430\u043d\u0434\u0430 \u0435\u043a\u0441\u043f\u0435\u0440\u0442\u0456\u0432<\/span>\n\t\t\t\t\t\t\t\t\t<\/li>\n\t\t\t\t\t\t<\/ul>\n\t\t\t\t\t\t<\/div>\n\t\t\t\t<\/div>\n\t\t\t\t<div class=\"elementor-element elementor-element-89cc126 aux-appear-watch-animation aux-fade-in-up-1 elementor-widget elementor-widget-aux_modern_heading\" data-id=\"89cc126\" data-element_type=\"widget\" data-e-type=\"widget\" data-widget_type=\"aux_modern_heading.default\">\n\t\t\t\t<div class=\"elementor-widget-container\">\n\t\t\t\t\t<section class=\"aux-widget-modern-heading\">\n            <div class=\"aux-widget-inner\"><h1 class=\"aux-modern-heading-primary\">\u041d\u0430\u0448\u0456 \u0456\u0434\u0435\u0430\u043b\u044c\u043d\u0456 \u043b\u0456\u043a\u0430\u0440\u0456<\/h1><\/div>\n        <\/section>\t\t\t\t<\/div>\n\t\t\t\t<\/div>\n\t\t\t\t\t<\/div>\n\t\t<\/div>\n\t\t\t\t\t<\/div>\n\t\t<\/section>\n\t\t\t\t<section class=\"elementor-section elementor-top-section elementor-element elementor-element-eb3effe elementor-section-boxed elementor-section-height-default elementor-section-height-default\" data-id=\"eb3effe\" data-element_type=\"section\" data-e-type=\"section\">\n\t\t\t\t\t\t<div class=\"elementor-container elementor-column-gap-wide\">\n\t\t\t\t\t<div class=\"aux-parallax-section elementor-column elementor-col-50 elementor-top-column elementor-element elementor-element-38ae50a aux-appear-watch-animation aux-fade-in-up-1\" data-id=\"38ae50a\" data-element_type=\"column\" data-e-type=\"column\">\n\t\t\t<div class=\"elementor-widget-wrap elementor-element-populated\">\n\t\t\t\t\t\t<div class=\"elementor-element elementor-element-7ed8a41 elementor-widget elementor-widget-aux_image\" data-id=\"7ed8a41\" data-element_type=\"widget\" data-e-type=\"widget\" data-widget_type=\"aux_image.default\">\n\t\t\t\t<div class=\"elementor-widget-container\">\n\t\t\t\t\t<section class=\"widget-container aux-widget-image aux-alignnone aux-parent-auc90d88a4\">\n    <div class=\"aux-media-hint-frame\">\n        <div class=\"aux-media-image\" >\n        \n            \n\n            \n            <img fetchpriority=\"high\" decoding=\"async\" width=\"1620\" height=\"1620\" src=\"https:\/\/braveheartsukraine.com.ua\/wp-content\/uploads\/2024\/07\/cagatayozturk2.jpg\" class=\"aux-attachment aux-featured-image aux-attachment-id-257\" alt=\"cagatayozturk2\" data-ratio=\"1\" data-original-w=\"1620\" \/>            \n                <\/div>\n    <\/div>\n\n<\/section><!-- widget-container -->\t\t\t\t<\/div>\n\t\t\t\t<\/div>\n\t\t\t\t<section class=\"elementor-section elementor-inner-section elementor-element elementor-element-fe1cbdc elementor-section-boxed elementor-section-height-default elementor-section-height-default\" data-id=\"fe1cbdc\" data-element_type=\"section\" data-e-type=\"section\" data-settings=\"{&quot;background_background&quot;:&quot;classic&quot;}\">\n\t\t\t\t\t\t<div class=\"elementor-container elementor-column-gap-no\">\n\t\t\t\t\t<div class=\"aux-parallax-section elementor-column elementor-col-100 elementor-inner-column elementor-element elementor-element-d890b98 box-doctors\" data-id=\"d890b98\" data-element_type=\"column\" data-e-type=\"column\" data-settings=\"{&quot;background_background&quot;:&quot;classic&quot;}\">\n\t\t\t<div class=\"elementor-widget-wrap elementor-element-populated\">\n\t\t\t\t\t\t<div class=\"elementor-element elementor-element-3a26b83 elementor-widget__width-auto name-doctors elementor-widget-tablet__width-inherit aux-appear-watch-animation aux-scale-up-1 elementor-widget elementor-widget-aux_modern_heading\" data-id=\"3a26b83\" data-element_type=\"widget\" data-e-type=\"widget\" data-widget_type=\"aux_modern_heading.default\">\n\t\t\t\t<div class=\"elementor-widget-container\">\n\t\t\t\t\t<section class=\"aux-widget-modern-heading\">\n            <div class=\"aux-widget-inner\"><h5 class=\"aux-modern-heading-primary\">Prof.Dr.\u00c7a\u011fatay \u00d6ZT\u00dcRK<\/h5><div class=\"aux-modern-heading-description\"><p>\u0421\u043f\u0435\u0446\u0456\u0430\u043b\u0456\u0441\u0442 \u0437 \u043e\u0440\u0442\u043e\u043f\u0435\u0434\u0456\u0457 \u0442\u0430 \u0442\u0440\u0430\u0432\u043c\u0430\u0442\u043e\u043b\u043e\u0433\u0456\u0457 | \u0425\u0456\u0440\u0443\u0440\u0433\u0456\u044f \u0445\u0440\u0435\u0431\u0442\u0430<\/p><\/div><\/div>\n        <\/section>\t\t\t\t<\/div>\n\t\t\t\t<\/div>\n\t\t\t\t<div class=\"elementor-element elementor-element-85e36ec e-grid-align-left elementor-widget__width-auto social-icon-doctors elementor-widget-tablet__width-inherit aux-appear-watch-animation aux-scale-up-1 elementor-shape-rounded elementor-grid-0 elementor-widget elementor-widget-social-icons\" data-id=\"85e36ec\" data-element_type=\"widget\" data-e-type=\"widget\" data-widget_type=\"social-icons.default\">\n\t\t\t\t<div class=\"elementor-widget-container\">\n\t\t\t\t\t\t\t<div class=\"elementor-social-icons-wrapper elementor-grid\" role=\"list\">\n\t\t\t\t\t\t\t<span class=\"elementor-grid-item\" role=\"listitem\">\n\t\t\t\t\t<a class=\"elementor-icon elementor-social-icon elementor-social-icon-facebook-f elementor-animation-pulse-shrink elementor-repeater-item-046dbe4\" href=\"https:\/\/www.facebook.com\/DRCagatayOzturk\" target=\"_blank\">\n\t\t\t\t\t\t<span class=\"elementor-screen-only\">Facebook-f<\/span>\n\t\t\t\t\t\t<i aria-hidden=\"true\" class=\"fab fa-facebook-f\"><\/i>\t\t\t\t\t<\/a>\n\t\t\t\t<\/span>\n\t\t\t\t\t\t\t<span class=\"elementor-grid-item\" role=\"listitem\">\n\t\t\t\t\t<a class=\"elementor-icon elementor-social-icon elementor-social-icon-x-twitter elementor-animation-pulse-shrink elementor-repeater-item-5fee1b5\" href=\"https:\/\/x.com\/drcagatayozturk\" target=\"_blank\">\n\t\t\t\t\t\t<span class=\"elementor-screen-only\">X-twitter<\/span>\n\t\t\t\t\t\t<i aria-hidden=\"true\" class=\"fab fa-x-twitter\"><\/i>\t\t\t\t\t<\/a>\n\t\t\t\t<\/span>\n\t\t\t\t\t\t\t<span class=\"elementor-grid-item\" role=\"listitem\">\n\t\t\t\t\t<a class=\"elementor-icon elementor-social-icon elementor-social-icon-instagram elementor-animation-pulse-shrink elementor-repeater-item-7a1f0d6\" href=\"https:\/\/www.instagram.com\/prof.dr.cagatayozturk\/\" target=\"_blank\">\n\t\t\t\t\t\t<span class=\"elementor-screen-only\">Instagram<\/span>\n\t\t\t\t\t\t<i aria-hidden=\"true\" class=\"fab fa-instagram\"><\/i>\t\t\t\t\t<\/a>\n\t\t\t\t<\/span>\n\t\t\t\t\t<\/div>\n\t\t\t\t\t\t<\/div>\n\t\t\t\t<\/div>\n\t\t\t\t\t<\/div>\n\t\t<\/div>\n\t\t\t\t\t<\/div>\n\t\t<\/section>\n\t\t\t\t\t<\/div>\n\t\t<\/div>\n\t\t\t\t<div class=\"aux-parallax-section elementor-column elementor-col-50 elementor-top-column elementor-element elementor-element-e6dbc4f aux-appear-watch-animation aux-fade-in-up-1\" data-id=\"e6dbc4f\" data-element_type=\"column\" data-e-type=\"column\">\n\t\t\t<div class=\"elementor-widget-wrap elementor-element-populated\">\n\t\t\t\t\t\t<div class=\"elementor-element elementor-element-e1e17f2 elementor-widget elementor-widget-text-editor\" data-id=\"e1e17f2\" data-element_type=\"widget\" data-e-type=\"widget\" data-widget_type=\"text-editor.default\">\n\t\t\t\t<div class=\"elementor-widget-container\">\n\t\t\t\t\t\t\t\t\t<p>\u041f\u0440\u043e\u0444. \u0414\u0440. \u0427\u0430\u0430\u0442\u0430\u0439 \u041e\u0437\u0442\u044e\u0440\u043a \u0437\u0430\u043a\u0456\u043d\u0447\u0438\u0432 \u043c\u0435\u0434\u0438\u0447\u043d\u0438\u0439 \u0444\u0430\u043a\u0443\u043b\u044c\u0442\u0435\u0442 \u0423\u043d\u0456\u0432\u0435\u0440\u0441\u0438\u0442\u0435\u0442\u0443 \u0425\u0430\u0434\u0436\u0435\u0442\u0442\u0435\u043f\u0435 \u0443 1997 \u0440\u043e\u0446\u0456 \u0442\u0430 \u043f\u0440\u043e\u0439\u0448\u043e\u0432 \u043e\u0431\u043e\u0432'\u044f\u0437\u043a\u043e\u0432\u0443 \u0441\u043b\u0443\u0436\u0431\u0443 \u0432 \u0426\u0435\u043d\u0442\u0440\u0456 \u043e\u0445\u043e\u0440\u043e\u043d\u0438 \u0437\u0434\u043e\u0440\u043e\u0432'\u044f \u0441\u0435\u043b\u0430 \u0422\u044e\u0440\u043a\u0430\u043b\u0456 \u0432 \u0417\u043e\u043d\u0433\u0443\u043b\u0434\u0430\u0446\u0456 \u0437 1997 \u043f\u043e 1999 \u0440\u0456\u043a.<\/p><p>\u041c\u0456\u0436 1999 \u0442\u0430 2004 \u0440\u043e\u043a\u0430\u043c\u0438 \u043f\u0440\u043e\u0444. \u0434-\u0440 \u0427\u0430\u0430\u0442\u0430\u0439 \u041e\u0437\u0442\u044e\u0440\u043a \u043f\u0440\u043e\u0439\u0448\u043e\u0432 \u0441\u043f\u0435\u0446\u0456\u0430\u043b\u0456\u0437\u0430\u0446\u0456\u044e \u0443 \u0432\u0456\u0434\u0434\u0456\u043b\u0435\u043d\u043d\u0456 \u043e\u0440\u0442\u043e\u043f\u0435\u0434\u0456\u0457 \u0442\u0430 \u0442\u0440\u0430\u0432\u043c\u0430\u0442\u043e\u043b\u043e\u0433\u0456\u0457 \u0423\u043d\u0456\u0432\u0435\u0440\u0441\u0438\u0442\u0435\u0442\u0443 \u0423\u043b\u0443\u0434\u0430\u0433. \u0423 2004 \u0440\u043e\u0446\u0456 \u0432\u0456\u043d \u0440\u043e\u0437\u043f\u043e\u0447\u0430\u0432 \u0441\u0432\u043e\u044e \u043a\u0430\u0440'\u0454\u0440\u0443 \u044f\u043a \u0441\u043f\u0435\u0446\u0456\u0430\u043b\u0456\u0441\u0442 \u0437 \u043e\u0440\u0442\u043e\u043f\u0435\u0434\u0456\u0457 \u0442\u0430 \u0442\u0440\u0430\u0432\u043c\u0430\u0442\u043e\u043b\u043e\u0433\u0456\u0457 \u0432 \u043b\u0456\u043a\u0430\u0440\u043d\u0456 \u0428\u0438\u0448\u043b\u0456 \u0424\u043b\u043e\u0440\u0435\u043d\u0441 \u041d\u0430\u0439\u0442\u0456\u043d\u0433\u0435\u0439\u043b.<\/p><p>\u0423 \u043a\u0432\u0456\u0442\u043d\u0456 2012 \u0440\u043e\u043a\u0443 \u0439\u043e\u043c\u0443 \u0431\u0443\u043b\u043e \u043f\u0440\u0438\u0441\u0432\u043e\u0454\u043d\u043e \u0437\u0432\u0430\u043d\u043d\u044f \u0434\u043e\u0446\u0435\u043d\u0442\u0430, \u0430 \u0443 \u0447\u0435\u0440\u0432\u043d\u0456 2017 \u0440\u043e\u043a\u0443 \u2013 \u0437\u0432\u0430\u043d\u043d\u044f \u043f\u0440\u043e\u0444\u0435\u0441\u043e\u0440\u0430. \u0417 2015 \u0440\u043e\u043a\u0443 \u043f\u0440\u043e\u0444. \u0434-\u0440 \u0427\u0430\u0430\u0442\u0430\u0439 \u041e\u0437\u0442\u044e\u0440\u043a \u043e\u0431\u0456\u0439\u043c\u0430\u0454 \u043f\u043e\u0441\u0430\u0434\u0443 \u0437\u0430\u0432\u0456\u0434\u0443\u0432\u0430\u0447\u0430 \u0432\u0456\u0434\u0434\u0456\u043b\u0435\u043d\u043d\u044f \u043e\u0440\u0442\u043e\u043f\u0435\u0434\u0456\u0457 \u0442\u0430 \u0442\u0440\u0430\u0432\u043c\u0430\u0442\u043e\u043b\u043e\u0433\u0456\u0457 \u0432 \u043b\u0456\u043a\u0430\u0440\u043d\u0456 \u0423\u043b\u0443\u0437 \u041b\u0456\u0432 \u0442\u0430 \u043d\u0430 \u043c\u0435\u0434\u0438\u0447\u043d\u043e\u043c\u0443 \u0444\u0430\u043a\u0443\u043b\u044c\u0442\u0435\u0442\u0456 \u0443\u043d\u0456\u0432\u0435\u0440\u0441\u0438\u0442\u0435\u0442\u0443 \u0406\u0441\u0442\u0456\u043d\u044c\u0454. \u0412\u0456\u043d \u0454 \u0430\u0432\u0442\u043e\u0440\u043e\u043c \u043f\u043e\u043d\u0430\u0434 100 \u043c\u0456\u0436\u043d\u0430\u0440\u043e\u0434\u043d\u0438\u0445 \u043f\u0443\u0431\u043b\u0456\u043a\u0430\u0446\u0456\u0439 \u0442\u0430 \u043a\u043d\u0438\u0433, \u043f\u0435\u0440\u0435\u0432\u0430\u0436\u043d\u043e \u0443 \u0433\u0430\u043b\u0443\u0437\u0456 \u0445\u0456\u0440\u0443\u0440\u0433\u0456\u0457 \u0445\u0440\u0435\u0431\u0442\u0430.<\/p>\t\t\t\t\t\t\t\t<\/div>\n\t\t\t\t<\/div>\n\t\t\t\t<div class=\"elementor-element elementor-element-765d0dc elementor-widget elementor-widget-aux_modern_button\" data-id=\"765d0dc\" data-element_type=\"widget\" data-e-type=\"widget\" data-widget_type=\"aux_modern_button.default\">\n\t\t\t\t<div class=\"elementor-widget-container\">\n\t\t\t\t\t    <div class=\"aux-modern-button-wrapper aux-modern-button-align-justify\" >\n                    <a class=\"aux-modern-button aux-warning aux-modern-button-md aux-modern-button-normal aux-modern-button-default aux-icon-\" href=\"https:\/\/braveheartsukraine.com.ua\/uk\/prof-dr-cagatay-ozturk\/\">\n                <div class=\"aux-overlay\"><\/div>\n                                    <div class=\"aux-icon\">\n                                            <\/div>\n                                <div class=\"aux-text\">\n<span class=\"aux-text-before\">\u0414\u0435\u0442\u0430\u043b\u044c\u043d\u0456\u0448\u0435<\/span>                <\/div>\n            <\/a>\n            \n    <\/div>\n\n    \t\t\t\t<\/div>\n\t\t\t\t<\/div>\n\t\t\t\t<div class=\"elementor-element elementor-element-6ba465a elementor-widget elementor-widget-aux_modern_button\" data-id=\"6ba465a\" data-element_type=\"widget\" data-e-type=\"widget\" data-widget_type=\"aux_modern_button.default\">\n\t\t\t\t<div class=\"elementor-widget-container\">\n\t\t\t\t\t    <div class=\"aux-modern-button-wrapper aux-modern-button-align-justify\" >\n                    <a class=\"aux-modern-button aux-warning aux-modern-button-md aux-modern-button-normal aux-modern-button-default aux-icon-\" href=\"https:\/\/braveheartsukraine.com.ua\/uk\/appointments\/\">\n                <div class=\"aux-overlay\"><\/div>\n                                    <div class=\"aux-icon\">\n                                            <\/div>\n                                <div class=\"aux-text\">\n<span class=\"aux-text-before\">\u041f\u0440\u0438\u0437\u043d\u0430\u0447\u0435\u043d\u043d\u044f<\/span>                <\/div>\n            <\/a>\n            \n    <\/div>\n\n    \t\t\t\t<\/div>\n\t\t\t\t<\/div>\n\t\t\t\t\t<\/div>\n\t\t<\/div>\n\t\t\t\t\t<\/div>\n\t\t<\/section>\n\t\t\t\t<\/div>","protected":false},"excerpt":{"rendered":"<p>Expert team Doctors Expert team Our Perfect Doctors Prof.Dr.\u00c7a\u011fatay \u00d6ZT\u00dcRK Orthopedics and Traumatology Specialist I Spine Surgery Facebook-f X-twitter Instagram Prof. Dr. \u00c7a\u011fatay \u00d6zt\u00fcrk graduated from Hacettepe University Faculty of Medicine in 1997 and completed his compulsory service at the T\u00fcrkali Village Health Center in Zonguldak between 1997 and 1999. Between 1999 and 2004, Prof. [&hellip;]<\/p>\n","protected":false},"author":1,"featured_media":0,"parent":0,"menu_order":0,"comment_status":"closed","ping_status":"closed","template":"templates\/page-builder-content.php","meta":{"footnotes":""},"class_list":["post-100","page","type-page","status-publish","hentry"],"_links":{"self":[{"href":"https:\/\/braveheartsukraine.com.ua\/uk\/wp-json\/wp\/v2\/pages\/100","targetHints":{"allow":["GET"]}}],"collection":[{"href":"https:\/\/braveheartsukraine.com.ua\/uk\/wp-json\/wp\/v2\/pages"}],"about":[{"href":"https:\/\/braveheartsukraine.com.ua\/uk\/wp-json\/wp\/v2\/types\/page"}],"author":[{"embeddable":true,"href":"https:\/\/braveheartsukraine.com.ua\/uk\/wp-json\/wp\/v2\/users\/1"}],"replies":[{"embeddable":true,"href":"https:\/\/braveheartsukraine.com.ua\/uk\/wp-json\/wp\/v2\/comments?post=100"}],"version-history":[{"count":39,"href":"https:\/\/braveheartsukraine.com.ua\/uk\/wp-json\/wp\/v2\/pages\/100\/revisions"}],"predecessor-version":[{"id":396,"href":"https:\/\/braveheartsukraine.com.ua\/uk\/wp-json\/wp\/v2\/pages\/100\/revisions\/396"}],"wp:attachment":[{"href":"https:\/\/braveheartsukraine.com.ua\/uk\/wp-json\/wp\/v2\/media?parent=100"}],"curies":[{"name":"wp","href":"https:\/\/api.w.org\/{rel}","templated":true}]}}